{"id":56,"date":"2020-02-12T10:58:58","date_gmt":"2020-02-12T09:58:58","guid":{"rendered":"https:\/\/schuetzengilde-uebigau.de\/schuetzen\/?page_id=56"},"modified":"2025-07-23T18:27:43","modified_gmt":"2025-07-23T16:27:43","slug":"kontakt","status":"publish","type":"page","link":"https:\/\/schuetzengilde-uebigau.de\/schuetzen\/index.php\/kontakt\/","title":{"rendered":"Kontakt"},"content":{"rendered":"\n<p>Falls Sie noch Fragen haben, wenden Sie sich bitte schriftlich oder telefonisch an den &#8222;Chef&#8220;.  Oder besuchen Sie uns direkt auf unserem Schie\u00dfstand.  Sie werden zu den angegebenen Zeiten immer jemanden antreffen. <\/p>\n\n\n\n<p><strong>Anschrift des (amtierenden) Vorsitzenden:<\/strong> <\/p>\n\n\n<p>Frank Marx<br \/>Dorfstr. 22<br \/>04931 Kosilenzien<br \/><br \/>Telefon: 035341 13441<br \/>Mobil: 0157 58184469<br \/>E-Mail: EMail@Sch\u00fctzengilde-Uebigau.de<\/p>\n\n\n<p> <strong>Schie\u00dfzeiten<\/strong>:<br>  Sonntag  09:30 &#8211; 12:00 Uhr <br> Unseren Schie\u00dfstand finden Sie in Uebigau an der Wahrenbr\u00fccker Stra\u00dfe im Horst Hegewald Weg 1. <\/p>\n\n\n\n<figure class=\"wp-block-image size-full\"><img loading=\"lazy\" decoding=\"async\" width=\"573\" height=\"448\" src=\"https:\/\/schuetzengilde-uebigau.de\/schuetzen\/wp-content\/uploads\/2024\/04\/anfahrt.jpg\" alt=\"\" class=\"wp-image-4859\" srcset=\"https:\/\/schuetzengilde-uebigau.de\/schuetzen\/wp-content\/uploads\/2024\/04\/anfahrt.jpg 573w, https:\/\/schuetzengilde-uebigau.de\/schuetzen\/wp-content\/uploads\/2024\/04\/anfahrt-300x235.jpg 300w\" sizes=\"auto, (max-width: 573px) 100vw, 573px\" \/><\/figure>\n\n\n\n<p> Sie k\u00f6nnen das <strong>Kontaktormular<\/strong> verwenden, um uns Ihre Nachrichten, W\u00fcnsche und Anregungen   mitzuteilen. Wir werden uns umgehend bei Ihnen melden. <\/p>\n\n\n\n\n<div class=\"wpcf7 no-js\" id=\"wpcf7-f1137-o1\" lang=\"de-DE\" dir=\"ltr\" data-wpcf7-id=\"1137\">\n<div class=\"screen-reader-response\"><p role=\"status\" aria-live=\"polite\" aria-atomic=\"true\"><\/p> <ul><\/ul><\/div>\n<form action=\"\/schuetzen\/index.php\/wp-json\/wp\/v2\/pages\/56#wpcf7-f1137-o1\" method=\"post\" class=\"wpcf7-form init\" aria-label=\"Kontaktformular\" novalidate=\"novalidate\" data-status=\"init\">\n<fieldset class=\"hidden-fields-container\"><input type=\"hidden\" name=\"_wpcf7\" value=\"1137\" \/><input type=\"hidden\" name=\"_wpcf7_version\" value=\"6.1.4\" \/><input type=\"hidden\" name=\"_wpcf7_locale\" value=\"de_DE\" \/><input type=\"hidden\" name=\"_wpcf7_unit_tag\" value=\"wpcf7-f1137-o1\" \/><input type=\"hidden\" name=\"_wpcf7_container_post\" value=\"0\" \/><input type=\"hidden\" name=\"_wpcf7_posted_data_hash\" value=\"\" \/>\n<\/fieldset>\n<p><label> Dein Name (Pflichtfeld)<br \/>\n<span class=\"wpcf7-form-control-wrap\" data-name=\"your-name\"><input size=\"40\" maxlength=\"400\" class=\"wpcf7-form-control wpcf7-text wpcf7-validates-as-required\" aria-required=\"true\" aria-invalid=\"false\" value=\"\" type=\"text\" name=\"your-name\" \/><\/span> <\/label>\n<\/p>\n<p><label> Deine E-Mail-Adresse (Pflichtfeld)<br \/>\n<span class=\"wpcf7-form-control-wrap\" data-name=\"your-email\"><input size=\"40\" maxlength=\"400\" class=\"wpcf7-form-control wpcf7-email wpcf7-validates-as-required wpcf7-text wpcf7-validates-as-email\" aria-required=\"true\" aria-invalid=\"false\" value=\"\" type=\"email\" name=\"your-email\" \/><\/span> <\/label>\n<\/p>\n<p><label> Telefon<br \/>\n<span class=\"wpcf7-form-control-wrap\" data-name=\"your-telefon\"><input size=\"40\" maxlength=\"400\" class=\"wpcf7-form-control wpcf7-text\" aria-invalid=\"false\" value=\"\" type=\"text\" name=\"your-telefon\" \/><\/span> <\/label>\n<\/p>\n<p><label> Deine Nachricht<br \/>\n<span class=\"wpcf7-form-control-wrap\" data-name=\"your-message\"><textarea cols=\"40\" rows=\"10\" maxlength=\"2000\" class=\"wpcf7-form-control wpcf7-textarea\" aria-invalid=\"false\" name=\"your-message\"><\/textarea><\/span> <\/label>\n<\/p>\n<p><span class=\"wpcf7-form-control-wrap\" data-name=\"acceptance-767\"><span class=\"wpcf7-form-control wpcf7-acceptance\"><span class=\"wpcf7-list-item\"><label><input type=\"checkbox\" name=\"acceptance-767\" value=\"1\" aria-invalid=\"false\" \/><span class=\"wpcf7-list-item-label\">Ich habe die Datenschutzerkl\u00e4rung zur Kenntnis genommen. Ich stimme zu, dass meine Angaben zur Kontaktaufnahme und f\u00fcr R\u00fcckfragen gespeichert werden. Die Erhebung der Daten erfolgt datenschutzkonform.<\/span><\/label><\/span><\/span><\/span>\n<\/p>\n<p><input class=\"wpcf7-form-control wpcf7-submit has-spinner\" type=\"submit\" value=\"Senden\" \/>\n<\/p><div class=\"wpcf7-response-output\" aria-hidden=\"true\"><\/div>\n<\/form>\n<\/div>\n\n","protected":false},"excerpt":{"rendered":"<p>Falls Sie noch Fragen haben, wenden Sie sich bitte schriftlich oder telefonisch an den &#8222;Chef&#8220;. Oder besuchen Sie uns direkt auf unserem Schie\u00dfstand. Sie werden zu den angegebenen Zeiten immer jemanden antreffen. Anschrift des (amtierenden) Vorsitzenden: Frank MarxDorfstr. 2204931 Kosilenzien Telefon: 035341 13441Mobil: 0157 58184469E-Mail: EMail@Sch\u00fctzengilde-Uebigau.de Schie\u00dfzeiten: Sonntag 09:30 &#8211; 12:00 Uhr Unseren Schie\u00dfstand finden &hellip; <\/p>\n<p class=\"link-more\"><a href=\"https:\/\/schuetzengilde-uebigau.de\/schuetzen\/index.php\/kontakt\/\" class=\"more-link\"><span class=\"screen-reader-text\">\u201eKontakt\u201c<\/span> weiterlesen<\/a><\/p>\n","protected":false},"author":1,"featured_media":0,"parent":0,"menu_order":0,"comment_status":"closed","ping_status":"closed","template":"","meta":{"_mc_calendar":[],"footnotes":""},"class_list":["post-56","page","type-page","status-publish","hentry"],"_links":{"self":[{"href":"https:\/\/schuetzengilde-uebigau.de\/schuetzen\/index.php\/wp-json\/wp\/v2\/pages\/56","targetHints":{"allow":["GET"]}}],"collection":[{"href":"https:\/\/schuetzengilde-uebigau.de\/schuetzen\/index.php\/wp-json\/wp\/v2\/pages"}],"about":[{"href":"https:\/\/schuetzengilde-uebigau.de\/schuetzen\/index.php\/wp-json\/wp\/v2\/types\/page"}],"author":[{"embeddable":true,"href":"https:\/\/schuetzengilde-uebigau.de\/schuetzen\/index.php\/wp-json\/wp\/v2\/users\/1"}],"replies":[{"embeddable":true,"href":"https:\/\/schuetzengilde-uebigau.de\/schuetzen\/index.php\/wp-json\/wp\/v2\/comments?post=56"}],"version-history":[{"count":14,"href":"https:\/\/schuetzengilde-uebigau.de\/schuetzen\/index.php\/wp-json\/wp\/v2\/pages\/56\/revisions"}],"predecessor-version":[{"id":6165,"href":"https:\/\/schuetzengilde-uebigau.de\/schuetzen\/index.php\/wp-json\/wp\/v2\/pages\/56\/revisions\/6165"}],"wp:attachment":[{"href":"https:\/\/schuetzengilde-uebigau.de\/schuetzen\/index.php\/wp-json\/wp\/v2\/media?parent=56"}],"curies":[{"name":"wp","href":"https:\/\/api.w.org\/{rel}","templated":true}]}}