{"id":5461,"date":"2024-08-25T18:45:11","date_gmt":"2024-08-25T16:45:11","guid":{"rendered":"https:\/\/schuetzengilde-uebigau.de\/schuetzen\/?page_id=5461"},"modified":"2024-08-25T18:45:11","modified_gmt":"2024-08-25T16:45:11","slug":"nachruf-horst-hegewald","status":"publish","type":"page","link":"https:\/\/schuetzengilde-uebigau.de\/schuetzen\/index.php\/nachruf-horst-hegewald\/","title":{"rendered":"Nachruf Horst Hegewald"},"content":{"rendered":"\n\n<p>Nachruf auf Horst Hegewald<\/p>\n<p>Ein verdienstvoller Uebigauer ist nicht mehr unter uns. Am 16. Dezember2023 verstarb unser Ehrenmajor Horst Hegewald im Alter von 87 Jahren. Alle Mitglieder der Sch\u00fctzengilde 1802 zu Uebigau e.V. verneigen sich vor seiner Lebensleistung.<\/p>\n\n\n<figure class=\"wp-block-image size-large\"><img loading=\"lazy\" decoding=\"async\" width=\"672\" height=\"1024\" src=\"https:\/\/schuetzengilde-uebigau.de\/schuetzen\/wp-content\/uploads\/2024\/08\/Horst-672x1024.jpg\" alt=\"\" class=\"wp-image-5462\" srcset=\"https:\/\/schuetzengilde-uebigau.de\/schuetzen\/wp-content\/uploads\/2024\/08\/Horst-672x1024.jpg 672w, https:\/\/schuetzengilde-uebigau.de\/schuetzen\/wp-content\/uploads\/2024\/08\/Horst-197x300.jpg 197w, https:\/\/schuetzengilde-uebigau.de\/schuetzen\/wp-content\/uploads\/2024\/08\/Horst-768x1170.jpg 768w, https:\/\/schuetzengilde-uebigau.de\/schuetzen\/wp-content\/uploads\/2024\/08\/Horst-1009x1536.jpg 1009w, https:\/\/schuetzengilde-uebigau.de\/schuetzen\/wp-content\/uploads\/2024\/08\/Horst.jpg 1308w\" sizes=\"auto, (max-width: 672px) 100vw, 672px\" \/><\/figure>\n\n\n<p>Horst Hegewald\u00a0war der Neubegr\u00fcnder des Uebigauer Sch\u00fctzenvereins nach der Wende im Jahr 1991. Er nahm Kontakt zur Tochter des letzten Uebigauer Sch\u00fctzenmajors, Frau Hildegard Fritscher, auf. Sie hatte in einer Kiste alle Unterlagen des 1802 gegr\u00fcndeten Vereins auf dem Dachboden versteckt und sorgte somit daf\u00fcr, dass diese wertvollen Unterlagen die DDR-Zeit unbeschadet \u00fcberdauerten. Knapp sieben Monate nach dem Mauerfall, am 8. Juni 1990 gr\u00fcndete Horst Hegewald den \u201eSch\u00fctzenclub Uebigau\u201c als Vorstufe zur Vereinsneugr\u00fcndung.\u00a0<\/p>\n<p>Horst Hegewald hielt damals die F\u00e4den fest in der Hand und k\u00fcmmerte sich nicht nur um die organisatorischen, sondern auch um die rechtlichen Voraussetzungen einer Vereinsgr\u00fcndung.<\/p>\n<p>Nach der Vereinsgr\u00fcndung war f\u00fcr ihn die Organisation eines regen Vereinslebens und der Aufbau eines attraktiven Schie\u00dfstandes der Schwerpunkt seines unerm\u00fcdlichen Engagements. Heute ist der Uebigauer Schie\u00dfstand der gr\u00f6\u00dfte im Elbe-Elster-Kreis. Der Saal auf dem Sch\u00fctzengel\u00e4nde wird nicht nur vereinsintern genutzt, sondern wird durch viele B\u00fcrger und Firmen f\u00fcr Feierlichkeiten gebucht und ist somit in der Stadt Uebigau eine der wichtigsten Veranstaltungsst\u00e4tten \u00fcberhaupt.<\/p>\n<p>Seit der Neugr\u00fcndung ist die Mitgliederzahl von 14 auf inzwischen 85 Personen gestiegen. Somit ist der Sch\u00fctzenverein eines der gr\u00f6\u00dften Vereine der Stadt und mit ihren \u00f6ffentlichen Angeboten aus dem st\u00e4dtischen Leben nicht mehr wegzudenken \u2013 Horst Hegewalds Vision hat sich erf\u00fcllt.<\/p>\n<p>Aber nicht nur im organisatorischen Bereich wirkt sein Engagement nach. Auch im schie\u00dfsportlichen Bereich hinterl\u00e4sst er deutliche Spuren. Das betrifft sowohl seine eigenen Schie\u00dfergebnisse als auch seine T\u00e4tigkeit als Ausbilder, internationaler Kampfrichter und Unterst\u00fctzer der deutschen Meisterschaften im Schie\u00dfsport in M\u00fcnchen.<\/p>\n<p>Zunehmende gesundheitliche Probleme erlaubten es ihm im Jahr 2003 nicht mehr weiter an der Spitze des Vereins zu stehen. Er \u00fcbergab den Vorsitz an einen j\u00fcngeren Nachfolger. Weiterhin stand Horst Hegewald dem Verein als nunmehr Ehrenmajor mit Rat und Tat zur Seite.<\/p>\n<p>Mit der Errichtung des einzigen Sch\u00fctzenmuseums des Landes Brandenburg auf unserem Schie\u00dfstandgel\u00e4nde hat sich Horst Hegewald einen Lebenstraum erf\u00fcllt. Mit seiner akribisch gef\u00fchrten Chronik machte er die Entwicklung der Sch\u00fctzengilde mit Text und Bild erlebbar.<\/p>\n<p>Das arbeitsreiche und erf\u00fcllte Leben von Horst Hegewald ist zu Ende gegangen.<\/p>\n<p>Die Vereinsmitglieder werden dem Neubegr\u00fcnder der Uebigauer Sch\u00fctzengilde ein ehrendes Gedenken bewahren.<\/p>\n<p>Wir w\u00fcnschen seiner Witwe Brigitte Hegewald viel Kraft in dieser schweren Zeit und verabschieden uns in stillem Gedenken von Horst Hegewald.<\/p>\n<p>Im Namen der Vereinsmitglieder der Sch\u00fctzengilde 1802 zu Uebigau e. V.<\/p>\n<p>Bernd Bl\u00fcher<\/p>\n<p>Vereinsvorsitzender<\/p>","protected":false},"excerpt":{"rendered":"<p>Nachruf auf Horst Hegewald Ein verdienstvoller Uebigauer ist nicht mehr unter uns. Am 16. Dezember2023 verstarb unser Ehrenmajor Horst Hegewald im Alter von 87 Jahren. Alle Mitglieder der Sch\u00fctzengilde 1802 zu Uebigau e.V. verneigen sich vor seiner Lebensleistung. Horst Hegewald\u00a0war der Neubegr\u00fcnder des Uebigauer Sch\u00fctzenvereins nach der Wende im Jahr 1991. Er nahm Kontakt zur &hellip; <\/p>\n<p class=\"link-more\"><a href=\"https:\/\/schuetzengilde-uebigau.de\/schuetzen\/index.php\/nachruf-horst-hegewald\/\" class=\"more-link\"><span class=\"screen-reader-text\">\u201eNachruf Horst Hegewald\u201c<\/span> weiterlesen<\/a><\/p>\n","protected":false},"author":2,"featured_media":0,"parent":0,"menu_order":0,"comment_status":"closed","ping_status":"closed","template":"","meta":{"_mc_calendar":[],"footnotes":""},"class_list":["post-5461","page","type-page","status-publish","hentry"],"_links":{"self":[{"href":"https:\/\/schuetzengilde-uebigau.de\/schuetzen\/index.php\/wp-json\/wp\/v2\/pages\/5461","targetHints":{"allow":["GET"]}}],"collection":[{"href":"https:\/\/schuetzengilde-uebigau.de\/schuetzen\/index.php\/wp-json\/wp\/v2\/pages"}],"about":[{"href":"https:\/\/schuetzengilde-uebigau.de\/schuetzen\/index.php\/wp-json\/wp\/v2\/types\/page"}],"author":[{"embeddable":true,"href":"https:\/\/schuetzengilde-uebigau.de\/schuetzen\/index.php\/wp-json\/wp\/v2\/users\/2"}],"replies":[{"embeddable":true,"href":"https:\/\/schuetzengilde-uebigau.de\/schuetzen\/index.php\/wp-json\/wp\/v2\/comments?post=5461"}],"version-history":[{"count":1,"href":"https:\/\/schuetzengilde-uebigau.de\/schuetzen\/index.php\/wp-json\/wp\/v2\/pages\/5461\/revisions"}],"predecessor-version":[{"id":5463,"href":"https:\/\/schuetzengilde-uebigau.de\/schuetzen\/index.php\/wp-json\/wp\/v2\/pages\/5461\/revisions\/5463"}],"wp:attachment":[{"href":"https:\/\/schuetzengilde-uebigau.de\/schuetzen\/index.php\/wp-json\/wp\/v2\/media?parent=5461"}],"curies":[{"name":"wp","href":"https:\/\/api.w.org\/{rel}","templated":true}]}}