{"id":1151,"date":"2020-03-20T17:41:41","date_gmt":"2020-03-20T16:41:41","guid":{"rendered":"https:\/\/schuetzengilde-uebigau.de\/schuetzen\/?page_id=1151"},"modified":"2022-12-06T12:10:47","modified_gmt":"2022-12-06T11:10:47","slug":"jaehrliche-sportliche-veranstaltungen","status":"publish","type":"page","link":"https:\/\/schuetzengilde-uebigau.de\/schuetzen\/index.php\/jaehrliche-sportliche-veranstaltungen\/","title":{"rendered":"J\u00e4hrliche sportliche Veranstaltungen"},"content":{"rendered":"\n<h2 class=\"has-text-align-center wp-block-heading\"><strong>J\u00e4hrliche sportliche Veranstaltungen &#8211; Pokale<\/strong><\/h2>\n\n\n\n<figure class=\"wp-block-table is-style-regular\"><table><tbody><tr><td>Termin<\/td><td>Wettbewerb<\/td><td>Waffe<\/td><\/tr><tr><td>Anfang Januar<\/td><td>Neujahrspokal 13.00 Uhr<\/td><td>Ordonanzgewehr (GK)<\/td><\/tr><tr><td>Ende Januar<\/td><td>Pokal des Schatzmeisters ab 17.00 Uhr<\/td><td>Luftpistole<\/td><\/tr><tr><td>Februar<\/td><td>Winterschie\u00dfen<\/td><td>Ordonanzgewehr (GK)<\/td><\/tr><tr><td>Mai<\/td><td>Mai-Pokal 13.00 Uhr<\/td><td>Armbrust<\/td><\/tr><tr><td>Ende Juni<\/td><td>K\u00f6nigsschie\u00dfen 11.00 Uhr<\/td><td>Makarov, KK-Gewehr<\/td><\/tr><tr><td>Ende Juni<\/td><td>Tag der Pokale 14.00 Uhr<\/td><td>Luftgewehr<\/td><\/tr><tr><td>Juni<\/td><td>Freundschaftspokal&nbsp; Uebigau und Embsen <\/td><td>Luftgewehr<\/td><\/tr><tr><td>August<\/td><td>Pokal der K\u00f6nige und Adlerschie\u00dfen 13.00 Uhr<\/td><td>KK-Gewehr<\/td><\/tr><tr><td>Anfang September<\/td><td>Innsbruck<\/td><td>Ordonanzgewehr (GK)<\/td><\/tr><tr><td>Ende September<\/td><td>Pokal des Vorsitzenden ab 17.30 Uhr<\/td><td>Luftgewehr und Luftpistole<\/td><\/tr><tr><td>Ende Oktober<\/td><td>Makarovpokal<\/td><td>Makarov<\/td><\/tr><tr><td>Ende Oktober<\/td><td>Kreisk\u00f6nigsschie\u00dfen<\/td><td>Luftgewehr<\/td><\/tr><tr><td>Ende Dezember<\/td><td>Silvesterpokal 13.00 Uhr<\/td><td>Minikanone<\/td><\/tr><\/tbody><\/table><\/figure>\n\n\n\n<p><\/p>\n","protected":false},"excerpt":{"rendered":"<p>J\u00e4hrliche sportliche Veranstaltungen &#8211; Pokale Termin Wettbewerb Waffe Anfang Januar Neujahrspokal 13.00 Uhr Ordonanzgewehr (GK) Ende Januar Pokal des Schatzmeisters ab 17.00 Uhr Luftpistole Februar Winterschie\u00dfen Ordonanzgewehr (GK) Mai Mai-Pokal 13.00 Uhr Armbrust Ende Juni K\u00f6nigsschie\u00dfen 11.00 Uhr Makarov, KK-Gewehr Ende Juni Tag der Pokale 14.00 Uhr Luftgewehr Juni Freundschaftspokal&nbsp; Uebigau und Embsen Luftgewehr August &hellip; <\/p>\n<p class=\"link-more\"><a href=\"https:\/\/schuetzengilde-uebigau.de\/schuetzen\/index.php\/jaehrliche-sportliche-veranstaltungen\/\" class=\"more-link\"><span class=\"screen-reader-text\">\u201eJ\u00e4hrliche sportliche Veranstaltungen\u201c<\/span> weiterlesen<\/a><\/p>\n","protected":false},"author":2,"featured_media":0,"parent":0,"menu_order":0,"comment_status":"closed","ping_status":"closed","template":"","meta":{"_mc_calendar":[],"footnotes":""},"class_list":["post-1151","page","type-page","status-publish","hentry"],"_links":{"self":[{"href":"https:\/\/schuetzengilde-uebigau.de\/schuetzen\/index.php\/wp-json\/wp\/v2\/pages\/1151","targetHints":{"allow":["GET"]}}],"collection":[{"href":"https:\/\/schuetzengilde-uebigau.de\/schuetzen\/index.php\/wp-json\/wp\/v2\/pages"}],"about":[{"href":"https:\/\/schuetzengilde-uebigau.de\/schuetzen\/index.php\/wp-json\/wp\/v2\/types\/page"}],"author":[{"embeddable":true,"href":"https:\/\/schuetzengilde-uebigau.de\/schuetzen\/index.php\/wp-json\/wp\/v2\/users\/2"}],"replies":[{"embeddable":true,"href":"https:\/\/schuetzengilde-uebigau.de\/schuetzen\/index.php\/wp-json\/wp\/v2\/comments?post=1151"}],"version-history":[{"count":7,"href":"https:\/\/schuetzengilde-uebigau.de\/schuetzen\/index.php\/wp-json\/wp\/v2\/pages\/1151\/revisions"}],"predecessor-version":[{"id":3690,"href":"https:\/\/schuetzengilde-uebigau.de\/schuetzen\/index.php\/wp-json\/wp\/v2\/pages\/1151\/revisions\/3690"}],"wp:attachment":[{"href":"https:\/\/schuetzengilde-uebigau.de\/schuetzen\/index.php\/wp-json\/wp\/v2\/media?parent=1151"}],"curies":[{"name":"wp","href":"https:\/\/api.w.org\/{rel}","templated":true}]}}