{"id":113,"date":"2020-02-13T13:41:23","date_gmt":"2020-02-13T12:41:23","guid":{"rendered":"https:\/\/schuetzengilde-uebigau.de\/schuetzen\/?page_id=113"},"modified":"2025-07-27T20:54:22","modified_gmt":"2025-07-27T18:54:22","slug":"impressum","status":"publish","type":"page","link":"https:\/\/schuetzengilde-uebigau.de\/schuetzen\/index.php\/impressum\/","title":{"rendered":"Impressum"},"content":{"rendered":"\n<p> www.Schuetzengilde-Uebigau.de        <\/p>\n\n\n\n<p><strong>Anschrift des Vorsitzenden:<\/strong> <br><\/p>\n\n\n\n<p><strong>Anschrift des Vorsitzenden:<\/strong><\/p>\n\n\n\n<p><strong>Frank Marx<\/strong><br>Dorfstra\u00dfe 22<br>04931 Kosilenzien<\/p>\n\n\n\n<p><strong>Telefon: &nbsp;&nbsp;<\/strong>035341 13441<\/p>\n\n\n\n<p><strong>Mobil:<\/strong>&nbsp; &nbsp; 0157 58184469<\/p>\n\n\n\n<p><strong>E-Mail:<\/strong>  <a href=\"mailto:EMail@Schuetzengilde-Uebigau.de\">EMail@Schuetzengilde-Uebigau.de<\/a><\/p>\n\n\n\n<p><strong>Vereinsregisternummer<\/strong>:  VR 3861 CB <\/p>\n\n\n\n<p><strong>Inhaltlich verantwortlich:<\/strong>  Frank Marx (Anschrift wie oben) <\/p>\n\n\n\n<p><strong>Haftung f\u00fcr Links<\/strong> <br>Unser Angebot enth\u00e4lt Links zu externen Webseiten Dritter, auf deren Inhalte wir keinen Einfluss haben. Deshalb k\u00f6nnen wir f\u00fcr diese fremden Inhalte auch keine Gew\u00e4hr \u00fcbernehmen. F\u00fcr die Inhalte der verlinkten Seiten ist stets der jeweilige Anbieter oder Betreiber der Seiten verantwortlich. Die verlinkten Seiten wurden zum Zeitpunkt der Verlinkung auf m\u00f6gliche Rechtsverst\u00f6\u00dfe \u00fcberpr\u00fcft. Rechtswidrige Inhalte waren zum Zeitpunkt der Verlinkung nicht erkennbar. Eine permanente inhaltliche Kontrolle der verlinkten Seiten ist jedoch ohne konkrete Anhaltspunkte einer Rechtsverletzung nicht zumutbar. Bei Bekanntwerden von Rechtsverletzungen werden wir derartige Links umgehend entfernen. <\/p>\n\n\n\n<p><strong>Urheberrecht<\/strong> <br>Die durch die Seitenbetreiber erstellten Inhalte und Werke auf diesen Seiten unterliegen dem deutschen Urheberrecht. Die Vervielf\u00e4ltigung, Bearbeitung, Verbreitung und jede Art der Verwertung au\u00dferhalb der Grenzen des Urheberrechtes bed\u00fcrfen der schriftlichen Zustimmung des jeweiligen Autors bzw. Erstellers. Downloads und Kopien dieser Seite sind nur f\u00fcr den privaten, nicht kommerziellen Gebrauch gestattet. Soweit die Inhalte auf dieser Seite nicht vom Betreiber erstellt wurden, werden die Urheberrechte Dritter beachtet. Insbesondere werden Inhalte Dritter als solche gekennzeichnet. Sollten Sie trotzdem auf eine Urheberrechtsverletzung aufmerksam werden, bitten wir um einen entsprechenden Hinweis. Bei Bekanntwerden von Rechtsverletzungen werden wir derartige Inhalte umgehend entfernen.<\/p>\n\n\n\n<p><strong>Verbraucherinformation<\/strong> <br>Gem\u00e4\u00df Verordnung (EU) Nr. 524\/2013:<br>Im Rahmen der Verordnung \u00fcber Online-Streitbeilegung zu Verbraucherangelegenheiten steht Ihnen unter&nbsp;<a rel=\"noreferrer noopener\" href=\"http:\/\/ec.europa.eu\/consumers\/odr\/\" target=\"_blank\">http:\/\/ec.europa.eu\/consumers\/odr\/<\/a> eine Online-Streitbeilegungsplattform der EU-Kommission zur Verf\u00fcgung.<br>Kontakt per Mail: <a href=\"mailto:EMail@Schuetzengilde-Uebigau.de\">EMail@Schuetzengilde-Uebigau.de<\/a> <\/p>\n","protected":false},"excerpt":{"rendered":"<p>www.Schuetzengilde-Uebigau.de Anschrift des Vorsitzenden: Anschrift des Vorsitzenden: Frank MarxDorfstra\u00dfe 2204931 Kosilenzien Telefon: &nbsp;&nbsp;035341 13441 Mobil:&nbsp; &nbsp; 0157 58184469 E-Mail: EMail@Schuetzengilde-Uebigau.de Vereinsregisternummer: VR 3861 CB Inhaltlich verantwortlich: Frank Marx (Anschrift wie oben) Haftung f\u00fcr Links Unser Angebot enth\u00e4lt Links zu externen Webseiten Dritter, auf deren Inhalte wir keinen Einfluss haben. Deshalb k\u00f6nnen wir f\u00fcr diese fremden &hellip; <\/p>\n<p class=\"link-more\"><a href=\"https:\/\/schuetzengilde-uebigau.de\/schuetzen\/index.php\/impressum\/\" class=\"more-link\"><span class=\"screen-reader-text\">\u201eImpressum\u201c<\/span> weiterlesen<\/a><\/p>\n","protected":false},"author":1,"featured_media":0,"parent":0,"menu_order":0,"comment_status":"closed","ping_status":"closed","template":"","meta":{"_mc_calendar":[],"footnotes":""},"class_list":["post-113","page","type-page","status-publish","hentry"],"_links":{"self":[{"href":"https:\/\/schuetzengilde-uebigau.de\/schuetzen\/index.php\/wp-json\/wp\/v2\/pages\/113","targetHints":{"allow":["GET"]}}],"collection":[{"href":"https:\/\/schuetzengilde-uebigau.de\/schuetzen\/index.php\/wp-json\/wp\/v2\/pages"}],"about":[{"href":"https:\/\/schuetzengilde-uebigau.de\/schuetzen\/index.php\/wp-json\/wp\/v2\/types\/page"}],"author":[{"embeddable":true,"href":"https:\/\/schuetzengilde-uebigau.de\/schuetzen\/index.php\/wp-json\/wp\/v2\/users\/1"}],"replies":[{"embeddable":true,"href":"https:\/\/schuetzengilde-uebigau.de\/schuetzen\/index.php\/wp-json\/wp\/v2\/comments?post=113"}],"version-history":[{"count":5,"href":"https:\/\/schuetzengilde-uebigau.de\/schuetzen\/index.php\/wp-json\/wp\/v2\/pages\/113\/revisions"}],"predecessor-version":[{"id":6172,"href":"https:\/\/schuetzengilde-uebigau.de\/schuetzen\/index.php\/wp-json\/wp\/v2\/pages\/113\/revisions\/6172"}],"wp:attachment":[{"href":"https:\/\/schuetzengilde-uebigau.de\/schuetzen\/index.php\/wp-json\/wp\/v2\/media?parent=113"}],"curies":[{"name":"wp","href":"https:\/\/api.w.org\/{rel}","templated":true}]}}